{"id":36,"date":"2014-10-01T16:14:21","date_gmt":"2014-10-01T16:14:21","guid":{"rendered":"http:\/\/tribunaleclesiastico.archimadrid.es\/?page_id=36"},"modified":"2018-09-21T10:50:50","modified_gmt":"2018-09-21T10:50:50","slug":"formacion-de-letrados-y-procuradores","status":"publish","type":"page","link":"https:\/\/tribunaleclesiastico.archimadrid.es\/?page_id=36","title":{"rendered":"Formaci\u00f3n de letrados y procuradores"},"content":{"rendered":"<p>&nbsp;<\/p>\n<table border=\"0\" width=\"100%\" cellspacing=\"3\" cellpadding=\"5\">\n<tbody>\n<tr>\n<td bgcolor=\"#D7D7D7\">\n<h3>Cursos de especialistas en Causas Matrimoniales:<\/h3>\n<\/td>\n<\/tr>\n<tr>\n<td>\n<ul>\n<li style=\"list-style-type: none\">\n<ul>\n<li>\n<h4>El Estudio Rotal del Tribunal de la Rota de la\u00a0Nunciatura Apost\u00f3lica en Espa\u00f1a ofrece cursos de capacitaci\u00f3n para los letrados\u00a0que desean\u00a0formarse en Derecho Can\u00f3nico, especialmente en \u00e1mbito procesal y\u00a0matrimonial que permiten solicitar la habilitaci\u00f3n para trabajar en los\u00a0Tribunales\u00a0Eclesi\u00e1sticos de Espa\u00f1a.<\/h4>\n<\/li>\n<li>\n<h4>Tambi\u00e9n se puede acudir a otras Instituciones reconocidas por la\u00a0Autoridad eclesi\u00e1stica que re\u00fanan los requisitos de la <a href=\"http:\/\/www.vatican.va\/roman_curia\/congregations\/ccatheduc\/documents\/rc_con_ccatheduc_doc_20180428_istruzione-diritto-canonico_sp.html\" target=\"_blank\" rel=\"noopener\">Instrucci\u00f3n de la\u00a0Congregaci\u00f3n para la Educaci\u00f3n Cat\u00f3lica \u201cLos estudios de Derecho Can\u00f3nico a la\u00a0luz de la reforma del proceso matrimonial\u201d en los arts. 27 y 28.<\/a><\/h4>\n<\/li>\n<\/ul>\n<\/li>\n<\/ul>\n<\/td>\n<\/tr>\n<\/tbody>\n<\/table>\n","protected":false},"excerpt":{"rendered":"<p>&nbsp; Cursos de especialistas en Causas Matrimoniales: El Estudio Rotal del Tribunal de la Rota de la\u00a0Nunciatura Apost\u00f3lica en Espa\u00f1a ofrece cursos de capacitaci\u00f3n para los letrados\u00a0que desean\u00a0formarse en Derecho Can\u00f3nico, especialmente en \u00e1mbito procesal y\u00a0matrimonial que permiten solicitar la&hellip;<\/p>\n<p class=\"more-link-p\"><a class=\"more-link\" href=\"https:\/\/tribunaleclesiastico.archimadrid.es\/?page_id=36\">Read more &rarr;<\/a><\/p>\n","protected":false},"author":3,"featured_media":0,"parent":0,"menu_order":0,"comment_status":"closed","ping_status":"closed","template":"","meta":{"jetpack_post_was_ever_published":false},"jetpack_sharing_enabled":true,"jetpack_shortlink":"https:\/\/wp.me\/P5UtAi-A","_links":{"self":[{"href":"https:\/\/tribunaleclesiastico.archimadrid.es\/index.php?rest_route=\/wp\/v2\/pages\/36"}],"collection":[{"href":"https:\/\/tribunaleclesiastico.archimadrid.es\/index.php?rest_route=\/wp\/v2\/pages"}],"about":[{"href":"https:\/\/tribunaleclesiastico.archimadrid.es\/index.php?rest_route=\/wp\/v2\/types\/page"}],"author":[{"embeddable":true,"href":"https:\/\/tribunaleclesiastico.archimadrid.es\/index.php?rest_route=\/wp\/v2\/users\/3"}],"replies":[{"embeddable":true,"href":"https:\/\/tribunaleclesiastico.archimadrid.es\/index.php?rest_route=%2Fwp%2Fv2%2Fcomments&post=36"}],"version-history":[{"count":20,"href":"https:\/\/tribunaleclesiastico.archimadrid.es\/index.php?rest_route=\/wp\/v2\/pages\/36\/revisions"}],"predecessor-version":[{"id":314,"href":"https:\/\/tribunaleclesiastico.archimadrid.es\/index.php?rest_route=\/wp\/v2\/pages\/36\/revisions\/314"}],"wp:attachment":[{"href":"https:\/\/tribunaleclesiastico.archimadrid.es\/index.php?rest_route=%2Fwp%2Fv2%2Fmedia&parent=36"}],"curies":[{"name":"wp","href":"https:\/\/api.w.org\/{rel}","templated":true}]}}