{"id":40,"date":"2014-10-01T16:15:32","date_gmt":"2014-10-01T16:15:32","guid":{"rendered":"http:\/\/tribunaleclesiastico.archimadrid.es\/?page_id=40"},"modified":"2018-09-26T13:18:41","modified_gmt":"2018-09-26T11:18:41","slug":"faq-preguntas-frecuentes","status":"publish","type":"page","link":"https:\/\/tribunaleclesiastico.archimadrid.es\/?page_id=40","title":{"rendered":"FAQ Preguntas frecuentes"},"content":{"rendered":"<div class=\"Section1\">\n<p class=\"MsoNormal\" style=\"text-align: center;\" align=\"center\"><span style=\"font-size: 14.0pt;\"><a href=\"#a\">\u00bfQu\u00e9 es una declaraci\u00f3n de nulidad de matrimonio?<\/a><\/span><\/p>\n<p class=\"MsoNormal\" style=\"text-align: center;\" align=\"center\"><span style=\"font-size: 14.0pt;\"><a href=\"#b\">\u00bfCu\u00e1les son los motivos para que un<br \/>\nmatrimonio sea nulo?<\/a><\/span><\/p>\n<p class=\"MsoNormal\" style=\"text-align: center;\" align=\"center\"><span style=\"font-size: 14.0pt;\"><a href=\"#c\">\u00bfHay alg\u00fan efecto civil en una<br \/>\ndeclaraci\u00f3n de nulidad?<\/a><\/span><\/p>\n<p class=\"MsoNormal\" style=\"text-align: center;\" align=\"center\"><span style=\"font-size: 14.0pt;\"><a href=\"#d\">\u00bfVale cualquier tribunal para iniciar el<br \/>\nproceso de nulidad?<\/a><\/span><\/p>\n<p class=\"MsoNormal\" style=\"text-align: center;\" align=\"center\"><span style=\"font-size: 14.0pt;\"><a href=\"#e\">\u00bfCu\u00e1les son los pasos que se siguen?<\/a><\/span><\/p>\n<p class=\"MsoNormal\" style=\"text-align: center;\" align=\"center\"><span style=\"font-size: 14.0pt;\"><a href=\"#f\">\u00bfPor qu\u00e9 es necesario entrar en contacto<br \/>\ncon mi ex-c\u00f3nyuge?<\/a><\/span><\/p>\n<p class=\"MsoNormal\" style=\"text-align: center;\" align=\"center\"><span style=\"font-size: 14.0pt;\"><a href=\"#g\">\u00bfHacen falta testigos? \u00bfqui\u00e9nes deben<br \/>\nser?<\/a><\/span><\/p>\n<p class=\"MsoNormal\" style=\"text-align: center;\" align=\"center\"><span style=\"font-size: 14.0pt;\"><a href=\"#h\">\u00bfCu\u00e1nto tiempo puede tardar?<\/a><\/span><\/p>\n<p class=\"MsoNormal\" style=\"text-align: center;\" align=\"center\"><span style=\"font-size: 14.0pt;\"><a href=\"#i\">\u00bfQu\u00e9 hay que hacer cuando he obtenido la<br \/>\nnulidad eclesi\u00e1stica y quiero volver a casarme por la Iglesia?<\/a><\/span><\/p>\n<p class=\"MsoNormal\" style=\"text-align: center; mso-outline-level: 1;\" align=\"center\"><span style=\"font-size: 14.0pt;\"><a href=\"#j\">\u00bfQu\u00e9 es el vetitum y c\u00f3mo se<br \/>\nlevanta?<\/a><\/span><\/p>\n<p class=\"MsoNormal\" style=\"text-align: center; mso-outline-level: 1;\" align=\"center\"><span style=\"font-size: 14.0pt;\"><a href=\"#k\">\u00bfCu\u00e1nto me podr\u00eda costar?<\/a><\/span><\/p>\n<p class=\"MsoNormal\" style=\"text-align: center; mso-outline-level: 1;\" align=\"center\"><span style=\"font-size: 14.0pt;\"><a href=\"#ll\">\u00bfQu\u00e9 son los Patronos Estables?<\/a><\/span><\/p>\n<hr \/>\n<h2>\u00bfQu\u00e9 es una declaraci\u00f3n de nulidad de matrimonio?<\/h2>\n<p>&nbsp;<\/p>\n<p class=\"MsoNormal\" style=\"text-align: justify; text-indent: 47.0pt; mso-pagination: none; mso-layout-grid-align: none; text-autospace: none;\">Es el proceso mediante el<br \/>\ncual se puede demostrar, en su caso, que <b>al momento de la celebraci\u00f3n del matrimonio, <\/b><span style=\"font-weight: normal;\">exist\u00eda alguno de los motivos establecidos en el C\u00f3digo\u00a0de Derecho Can\u00f3nico que hizo el matrimonio nulo. No es que la Iglesia anule un\u00a0matrimonio v\u00e1lido, cosa por otra parte imposible, sino que se constata que hubo\u00a0motivos anteriores al mismo que hicieron nulo el matrimonio celebrado, por eso\u00a0el proceso de la nulidad es un instrumento al servicio de la verdad sobre el\u00a0matrimonio, con el prop\u00f3sito de servir a la conciencia y el esp\u00edritu de los\u00a0c\u00f3nyuges, y reconciliar a las personas a la plena participaci\u00f3n en la comunidad\u00a0de la Iglesia.<\/span><\/p>\n<p class=\"MsoNormal\"><a href=\"#z\">volver<\/a><\/p>\n<hr \/>\n<h2>\u00bfCu\u00e1les son los motivos para que un matrimonio sea nulo?<\/h2>\n<p class=\"MsoNormal\" style=\"text-indent: 35.4pt;\"><span style=\"font-size: 13.0pt; font-family: TrebuchetMS;\">Por explicarlo de un modo sencillo, para que un\u00a0matrimonio sea v\u00e1lido debe ser realizado en <i>forma v\u00e1lida<\/i><\/span><span style=\"font-size: 13.0pt; font-family: TrebuchetMS;\">, entre <i>personas h\u00e1biles<\/i><\/span><span style=\"font-size: 13.0pt; font-family: TrebuchetMS;\"> y adem\u00e1s que sean <i>capaces<br \/>\nde prestar consentimiento<\/i><\/span><span style=\"font-size: 13.0pt; font-family: TrebuchetMS;\">. En sentido contrario, las causas de nulidad son el <b>defecto de\u00a0forma<\/b><\/span><span style=\"font-size: 13.0pt; font-family: TrebuchetMS;\">, o celebrado<br \/>\ncon <b>impedimento\u00a0<\/b><\/span><span style=\"font-size: 13.0pt; font-family: TrebuchetMS;\">o con <b>vicio de consentimiento<\/b><\/span><span style=\"font-size: 13.0pt; font-family: TrebuchetMS;\">. Cada uno de estas tres causas generales se divide\u00a0tambi\u00e9n en varios tipos. La terminolog\u00eda canon\u00edstica habla de <i>caput\u00a0nullitatis<\/i><\/span><span style=\"font-size: 13.0pt; font-family: TrebuchetMS;\">, o<br \/>\n<b>cap\u00edtulo de nulidad<\/b><\/span><span style=\"font-size: 13.0pt; font-family: TrebuchetMS;\">, para referirse a cada motivo de nulidad. Para poder determinar\u00a0si un matrimonio es nulo, debe realizarse un <i>proceso judicial<\/i><\/span><span style=\"font-size: 13.0pt; font-family: TrebuchetMS;\"> ante el Tribunal competente,<br \/>\nal que se le deben aportar las pruebas pertinentes, y en el que deben\u00a0intervenir todas las partes procesales, como son los dos c\u00f3nyuges, el defensor\u00a0del v\u00ednculo y, en alg\u00fan caso, el promotor de justicia.<\/span><\/p>\n<p class=\"MsoNormal\"><a href=\"#z\">volver<\/a><\/p>\n<hr \/>\n<h2>\u00bfHay alg\u00fan efecto civil en una declaraci\u00f3n de nulidad?<\/h2>\n<p class=\"MsoBodyTextIndent\">La declaraci\u00f3n de nulidad de la Iglesia tiene<br \/>\nefectos civiles en Espa\u00f1a por los acuerdos firmados entre el Estado Espa\u00f1ol y\u00a0la Santa Sede en 1979. La sentencia de los Tribunales Eclesi\u00e1sticos puede ser homologada, si se solicita, por el Tribunal Civil conforme al procedimiento pertinente y el matrimonio puede ser declarado nulo tambi\u00e9n civilmente, sin embargo esto no afecta la legitimidad de los hijos, de sus derechos propios, de los derechos de herencia, de los nombres, etc<\/p>\n<p class=\"MsoNormal\"><a href=\"#z\">volver<\/a><\/p>\n<hr \/>\n<h2>\u00bfVale cualquier tribunal para iniciar el proceso de nulidad?<span style=\"mso-tab-count: 1;\">\u00a0 \u00a0 \u00a0 \u00a0 \u00a0 \u00a0 \u00a0 \u00a0 \u00a0<\/span><\/h2>\n<\/div>\n<p>Con la reforma del proceso introducida por el Papa Francisco mediante el Motu Proprio Mitis Iudex Dominus Iesus, seg\u00fan el c. 1672, el tribunal competente para juzgar una causa de nulidad es el tribunal del lugar donde se casaron los esposos; o el tribunal donde tienen su domicilio o cuasidomicilio cualquiera de los dos c\u00f3nyuges; y donde se han recoger la mayor parte de las pruebas.<\/p>\n<p>&nbsp;<\/p>\n<div class=\"Section1\">\n<p class=\"MsoNormal\" style=\"margin-bottom: 12.0pt; mso-pagination: none; mso-layout-grid-align: none; text-autospace: none;\"><a href=\"#z\">volver<\/a><\/p>\n<hr \/>\n<h2>\u00bfCu\u00e1les son los pasos que se siguen?<\/h2>\n<p class=\"MsoNormal\"><span style=\"mso-tab-count: 1;\">\u00a0 \u00a0 \u00a0 \u00a0 \u00a0 \u00a0 \u00a0 \u00a0 <\/span><\/p>\n<p class=\"MsoNormal\">B\u00e1sicamente\u00a0<span style=\"line-height: 1.5;\">los pasos a seguir en un proceso de nulidad matrimonial son: <\/span><\/p>\n<ul>\n<li class=\"MsoNormal\"><span style=\"line-height: 1.5;\">1\u00ba Elegir un\u00a0<\/span><span style=\"line-height: 1.5;\">letrado \u2013abogado- que pueda actuar en los tribunales eclesi\u00e1sticos, <\/span><\/li>\n<li class=\"MsoNormal\"><span style=\"line-height: 1.5;\">2\u00ba tras\u00a0<\/span><span style=\"line-height: 1.5;\">conversaciones con el letrado presentar una demanda de nulidad que habr\u00e1 de ser\u00a0<\/span><span style=\"line-height: 1.5;\">notificada a la otra parte del matrimonio, <\/span><\/li>\n<li class=\"MsoNormal\"><span style=\"line-height: 1.5;\">3\u00ba fijar el\/los cap\u00edtulo\/s por\u00a0<\/span><span style=\"line-height: 1.5;\">el\/los que se solicita la declaraci\u00f3n de nulidad y proponer pruebas, <\/span><\/li>\n<li class=\"MsoNormal\"><span style=\"line-height: 1.5;\">4\u00ba declarar\u00a0<\/span><span style=\"line-height: 1.5;\">ante el Tribunal tanto cada uno de los esposos como los testigos propuestos por\u00a0<\/span><span style=\"line-height: 1.5;\">el demandate, demandado y defensor del v\u00ednculo, <\/span><\/li>\n<li class=\"MsoNormal\"><span style=\"line-height: 1.5;\">5\u00ba realizar las pericias\u00a0<\/span><span style=\"line-height: 1.5;\">psicol\u00f3gicas o psiqui\u00e1tricas si son necesarias, <\/span><\/li>\n<li class=\"MsoNormal\"><span style=\"line-height: 1.5;\">\u00a06\u00ba esperar a que, tras el\u00a0<\/span><span style=\"line-height: 1.5;\">estudio de la causa, se redacte la sentencia.<\/span><\/li>\n<\/ul>\n<p class=\"MsoNormal\"><span style=\"mso-tab-count: 1;\">\u00a0\u00a0\u00a0\u00a0\u00a0\u00a0\u00a0\u00a0\u00a0\u00a0\u00a0\u00a0\u00a0\u00a0\u00a0\u00a0\u00a0 <\/span><\/p>\n<p class=\"MsoNormal\"><a href=\"#z\">volver<\/a><\/p>\n<hr \/>\n<h2>\u00bfPor qu\u00e9 es necesario entrar en contacto con el otro c\u00f3nyuge?<\/h2>\n<p class=\"MsoNormal\"><span style=\"mso-tab-count: 1;\">\u00a0\u00a0\u00a0\u00a0\u00a0\u00a0\u00a0\u00a0\u00a0\u00a0\u00a0\u00a0\u00a0\u00a0\u00a0\u00a0\u00a0 <\/span>El\u00a0Derecho Can\u00f3nico exige que se haga todo lo posible por localizar a la parte\u00a0demandada de la causa, que es el otro c\u00f3nyuge, con objeto de evitar su\u00a0indefensi\u00f3n. A la otra parte se le deben notificar la demanda y los principales\u00a0pasos del proceso, puede personarse activamente con abogado y procurador y debe<br \/>\nser citada a declarar, teniendo derecho a examinar las actas del proceso.<\/p>\n<p class=\"MsoNormal\"><a href=\"#z\">volver<\/a><\/p>\n<hr \/>\n<h2>\u00bfHacen falta testigos? \u00bfqui\u00e9nes deben ser?<\/h2>\n<p class=\"MsoNormal\"><span style=\"mso-tab-count: 1;\">\u00a0\u00a0\u00a0\u00a0\u00a0\u00a0\u00a0\u00a0\u00a0\u00a0\u00a0\u00a0\u00a0\u00a0\u00a0\u00a0\u00a0 <\/span>En\u00a0el estudio de las posibles causas de nulidad se necesita la declaraci\u00f3n de\u00a0testigos que conozcan lo sucedido especialmente antes y despu\u00e9s del matrimonio.\u00a0Estos testigos son, normalmente, familiares cercanos y\/o amigos de los esposos,\u00a0sobre todo en la \u00e9poca del noviazgo.<\/p>\n<p class=\"MsoNormal\"><a href=\"#z\">volver<\/a><\/p>\n<hr \/>\n<h2>\u00bfCu\u00e1nto tiempo puede tardar?<\/h2>\n<p class=\"MsoNormal\"><span style=\"mso-tab-count: 1;\">\u00a0\u00a0\u00a0\u00a0\u00a0\u00a0\u00a0\u00a0\u00a0\u00a0\u00a0\u00a0\u00a0\u00a0\u00a0\u00a0\u00a0 <\/span>Dependiendo\u00a0del n\u00famero de testigos, de la intervenci\u00f3n o no de peritos, del domicilio de\u00a0los distintos testigos as\u00ed como de otras posibles incidencias en el transcurso\u00a0de la causa el proceso puede durar m\u00e1s o menos tiempo. En nuestro caso una\u00a0causa normal viene a tardar entre a\u00f1o y a\u00f1o y medio.<\/p>\n<p class=\"MsoNormal\"><a href=\"#z\">volver<\/a><\/p>\n<hr \/>\n<h2>\u00bfQu\u00e9 hay que hacer cuando he obtenido la nulidad eclesi\u00e1stica<br \/>\ny quiero volver a casarme por la Iglesia?<\/h2>\n<p class=\"MsoNormal\"><span style=\"mso-tab-count: 1;\">\u00a0\u00a0\u00a0\u00a0\u00a0\u00a0\u00a0\u00a0\u00a0\u00a0\u00a0\u00a0\u00a0\u00a0\u00a0\u00a0\u00a0 <\/span>Tras\u00a0obtener la sentencia se notifica a las parroquias donde se casaron\u00a0y bautizaron los esposos la declaraci\u00f3n de nulidad para que puedan inscribir\u00a0este hecho en los libros correspondientes. Tras esto \u2013 si no hay ning\u00fan\u00a0impedimento eclesi\u00e1stico o civil- se puede contraer matrimonio en la Iglesia,\u00a0salvo que se haya impuesto alg\u00fan veto a alguno de los c\u00f3nyuges, en cuyo caso hay que\u00a0levantar previamente el veto.<\/p>\n<p class=\"MsoNormal\"><a href=\"#z\">volver<\/a><\/p>\n<hr \/>\n<h2>\u00bfQu\u00e9 es el <span style=\"font-style: normal;\">vetitum<\/span> y<br \/>\nc\u00f3mo se levanta?<\/h2>\n<p class=\"MsoNormal\"><span style=\"mso-tab-count: 1;\">\u00a0\u00a0\u00a0\u00a0\u00a0\u00a0\u00a0\u00a0\u00a0\u00a0\u00a0\u00a0\u00a0\u00a0\u00a0\u00a0\u00a0 <\/span>En\u00a0ocasiones el Tribunal puede a\u00f1adir a la sentencia afirmativa de nulidad de\u00a0matrimonio un veto \u2013<i>vetitum- <\/i><span style=\"font-style: normal;\">para<br \/>\ncontraer matrimonio. Dependiendo del tipo de causa de nulidad del matrimonio el \u00a0veto se puede levantar con una declaraci\u00f3n jurada, un informe psicol\u00f3gico,\u00a0ginecol\u00f3gico, etc.<\/span><\/p>\n<p class=\"MsoNormal\"><a href=\"#z\">volver<\/a><\/p>\n<hr \/>\n<h2>\u00bfCu\u00e1nto me podr\u00eda costar?<\/h2>\n<p class=\"MsoNormal\"><span style=\"mso-tab-count: 1;\">\u00a0 \u00a0 \u00a0 \u00a0 \u00a0 \u00a0 \u00a0 \u00a0 \u00a0 Desde el 8 de diciembre de 2015 por decreto del Sr. Arzobispo de Madrid D. Carlos Osoro Sierra las tasas del Tribunal han sido suprimidas. Por lo tanto, y conforme a ese decreto, se garantiza la absoluta gratuidad del proceso para todo aquel que lo solicite.<\/span><\/p>\n<p class=\"MsoNormal\"><a href=\"#z\">volver<\/a><\/p>\n<hr \/>\n<h2>\u00bfQu\u00e9 son los Patronos Estables?<\/h2>\n<p class=\"MsoNormal\"><span style=\"mso-tab-count: 1;\">\u00a0\u00a0\u00a0\u00a0\u00a0\u00a0\u00a0\u00a0\u00a0\u00a0\u00a0\u00a0\u00a0\u00a0\u00a0\u00a0\u00a0 <\/span>En\u00a0el Tribunal existen los llamados Patronos Estables (c. 1490), que son abogados\u00a0que reciben sus honorarios del mismo Tribunal, pudiendo las partes acogerse a\u00a0su patrocinio, independientemente de cu\u00e1l sea su situaci\u00f3n econ\u00f3mica, no<br \/>\ndebiendo abonar nada a los mismos.<\/p>\n<p class=\"MsoNormal\"><a href=\"#z\">volver<\/a><\/p>\n<\/div>\n","protected":false},"excerpt":{"rendered":"<p>\u00bfQu\u00e9 es una declaraci\u00f3n de nulidad de matrimonio? \u00bfCu\u00e1les son los motivos para que un matrimonio sea nulo? \u00bfHay alg\u00fan efecto civil en una declaraci\u00f3n de nulidad? \u00bfVale cualquier tribunal para iniciar el proceso de nulidad? \u00bfCu\u00e1les son los pasos&hellip;<\/p>\n<p class=\"more-link-p\"><a class=\"more-link\" href=\"https:\/\/tribunaleclesiastico.archimadrid.es\/?page_id=40\">Read more &rarr;<\/a><\/p>\n","protected":false},"author":3,"featured_media":0,"parent":0,"menu_order":0,"comment_status":"closed","ping_status":"closed","template":"","meta":{"jetpack_post_was_ever_published":false},"jetpack_sharing_enabled":true,"jetpack_shortlink":"https:\/\/wp.me\/P5UtAi-E","_links":{"self":[{"href":"https:\/\/tribunaleclesiastico.archimadrid.es\/index.php?rest_route=\/wp\/v2\/pages\/40"}],"collection":[{"href":"https:\/\/tribunaleclesiastico.archimadrid.es\/index.php?rest_route=\/wp\/v2\/pages"}],"about":[{"href":"https:\/\/tribunaleclesiastico.archimadrid.es\/index.php?rest_route=\/wp\/v2\/types\/page"}],"author":[{"embeddable":true,"href":"https:\/\/tribunaleclesiastico.archimadrid.es\/index.php?rest_route=\/wp\/v2\/users\/3"}],"replies":[{"embeddable":true,"href":"https:\/\/tribunaleclesiastico.archimadrid.es\/index.php?rest_route=%2Fwp%2Fv2%2Fcomments&post=40"}],"version-history":[{"count":5,"href":"https:\/\/tribunaleclesiastico.archimadrid.es\/index.php?rest_route=\/wp\/v2\/pages\/40\/revisions"}],"predecessor-version":[{"id":318,"href":"https:\/\/tribunaleclesiastico.archimadrid.es\/index.php?rest_route=\/wp\/v2\/pages\/40\/revisions\/318"}],"wp:attachment":[{"href":"https:\/\/tribunaleclesiastico.archimadrid.es\/index.php?rest_route=%2Fwp%2Fv2%2Fmedia&parent=40"}],"curies":[{"name":"wp","href":"https:\/\/api.w.org\/{rel}","templated":true}]}}