{"id":47,"date":"2014-10-01T16:17:39","date_gmt":"2014-10-01T16:17:39","guid":{"rendered":"http:\/\/tribunaleclesiastico.archimadrid.es\/?page_id=47"},"modified":"2014-10-01T16:55:11","modified_gmt":"2014-10-01T16:55:11","slug":"matrimonio-rato-y-no-consumado","status":"publish","type":"page","link":"https:\/\/tribunaleclesiastico.archimadrid.es\/?page_id=47","title":{"rendered":"Matrimonio rato y no consumado"},"content":{"rendered":"<p class=\"Body\">Una de las propiedades esenciales de todo matrimonio, incluido el llamado meramente natural, es la indisolubilidad, que en el matrimonio rato y no consumado adquiere particular firmeza.<\/p>\n<p class=\"Body\">La disoluci\u00f3n del matrimonio no consumado por dispensa, conocida com\u00fanmente como dispensa<span class=\"style_2\">\u00a0super rato\u00a0<\/span>est\u00e1 recogida en el canon 1142:<\/p>\n<p class=\"Body\"><span class=\"style_3\">Canon 1142:\u00a0<\/span>El matrimonio no consumado entre bautizados, o entre parte bautizada y parte no bautizada, puede ser disuelto por el Romano Pont\u00edfice, a petici\u00f3n de ambas partes o de una de ellas, aunque la otra se oponga.<\/p>\n<p class=\"Body\">Dos son los tipos de matrimonio que pueden ser disueltos a trav\u00e9s de este tipo de Dispensa:<\/p>\n<ul>\n<li class=\"Body\">1.Matrimonio entre dos bautizados: El bautismo recibido puede ser tanto en la Iglesia Cat\u00f3lica como en otra confesi\u00f3n cristiana con bautismo reconocido como v\u00e1lido por la Iglesia Cat\u00f3lica; en el caso de que los dos c\u00f3nyuges recibieran el bautismo posteriormente a la boda la inconsumaci\u00f3n tendr\u00eda que darse desde el momento mismo de la recepci\u00f3n del bautismo.<\/li>\n<li class=\"Body\">2.Matrimonio entre bautizado y no bautizado: Al igual que en el caso anterior, la parte bautizada podr\u00e1 ser tanto cat\u00f3lica como acat\u00f3lica.<\/li>\n<\/ul>\n<p class=\"paragraph_style_1\"><span class=\"style_4\">Cuatro son los requisitos exigidos expl\u00edcitamente en el c. 1142 para que sea posible este tipo de disoluci\u00f3n:\u00a0<\/span><span class=\"style_5\">1\u00ba<\/span><span class=\"style_4\">. Matrimonio v\u00e1lido.\u00a0<\/span><span class=\"style_5\">2\u00ba<\/span><span class=\"style_4\">. El bautismo de, al menos, uno de los c\u00f3nyuges.\u00a0<\/span><span class=\"style_5\">3\u00ba<\/span><span class=\"style_4\">. La inconsumaci\u00f3n del matrimonio.\u00a0<\/span><span class=\"style_5\">4\u00ba<\/span><span class=\"style_4\">. La justa causa.<br \/>\n<\/span><\/p>\n<p class=\"paragraph_style_1\"><span class=\"style_4\">En estos casos, tras el proceso pertinente, se pide al Romano Pont\u00edfice la disoluci\u00f3n del matrimonio<\/span><\/p>\n","protected":false},"excerpt":{"rendered":"<p>Una de las propiedades esenciales de todo matrimonio, incluido el llamado meramente natural, es la indisolubilidad, que en el matrimonio rato y no consumado adquiere particular firmeza. La disoluci\u00f3n del matrimonio no consumado por dispensa, conocida com\u00fanmente como dispensa\u00a0super rato\u00a0est\u00e1&hellip;<\/p>\n<p class=\"more-link-p\"><a class=\"more-link\" href=\"https:\/\/tribunaleclesiastico.archimadrid.es\/?page_id=47\">Read more &rarr;<\/a><\/p>\n","protected":false},"author":3,"featured_media":0,"parent":0,"menu_order":0,"comment_status":"closed","ping_status":"closed","template":"","meta":{"jetpack_post_was_ever_published":false},"jetpack_sharing_enabled":true,"jetpack_shortlink":"https:\/\/wp.me\/P5UtAi-L","_links":{"self":[{"href":"https:\/\/tribunaleclesiastico.archimadrid.es\/index.php?rest_route=\/wp\/v2\/pages\/47"}],"collection":[{"href":"https:\/\/tribunaleclesiastico.archimadrid.es\/index.php?rest_route=\/wp\/v2\/pages"}],"about":[{"href":"https:\/\/tribunaleclesiastico.archimadrid.es\/index.php?rest_route=\/wp\/v2\/types\/page"}],"author":[{"embeddable":true,"href":"https:\/\/tribunaleclesiastico.archimadrid.es\/index.php?rest_route=\/wp\/v2\/users\/3"}],"replies":[{"embeddable":true,"href":"https:\/\/tribunaleclesiastico.archimadrid.es\/index.php?rest_route=%2Fwp%2Fv2%2Fcomments&post=47"}],"version-history":[{"count":1,"href":"https:\/\/tribunaleclesiastico.archimadrid.es\/index.php?rest_route=\/wp\/v2\/pages\/47\/revisions"}],"predecessor-version":[{"id":48,"href":"https:\/\/tribunaleclesiastico.archimadrid.es\/index.php?rest_route=\/wp\/v2\/pages\/47\/revisions\/48"}],"wp:attachment":[{"href":"https:\/\/tribunaleclesiastico.archimadrid.es\/index.php?rest_route=%2Fwp%2Fv2%2Fmedia&parent=47"}],"curies":[{"name":"wp","href":"https:\/\/api.w.org\/{rel}","templated":true}]}}