{"id":49,"date":"2014-10-01T16:18:06","date_gmt":"2014-10-01T16:18:06","guid":{"rendered":"http:\/\/tribunaleclesiastico.archimadrid.es\/?page_id=49"},"modified":"2014-10-01T16:55:07","modified_gmt":"2014-10-01T16:55:07","slug":"nulidad-matrimonial","status":"publish","type":"page","link":"https:\/\/tribunaleclesiastico.archimadrid.es\/?page_id=49","title":{"rendered":"Nulidad Matrimonial"},"content":{"rendered":"<p class=\"Body\">Para que un matrimonio sea v\u00e1lido debe ser realizado en<span class=\"style_2\">\u00a0forma v\u00e1lida<\/span>, entre personas\u00a0<span class=\"style_2\">h\u00e1biles<\/span>\u00a0y adem\u00e1s que sean\u00a0<span class=\"style_2\">capaces<\/span>\u00a0de prestar consentimiento de lo contrario estar\u00edamos ante un caso de\u00a0<span class=\"style_3\">nulidad\u00a0<\/span>o\u00a0<span class=\"style_3\">nulidad matrimonial.<\/span><\/p>\n<p class=\"Body\">Las causas de nulidad son el\u00a0<span class=\"style_3\">defecto de forma<\/span>, o celebrado con\u00a0<span class=\"style_3\">impedimento<\/span>\u00a0o con\u00a0<span class=\"style_3\">vicio<\/span>de consentimiento. Cada una de estas tres causas generales se divide tambi\u00e9n en varios tipos. La terminolog\u00eda canon\u00edstica habla de cap\u00edtulo de nulidad, para referirse a cada motivo de nulidad.<\/p>\n<p class=\"Body\">Para poder determinar si un matrimonio es nulo, debe realizarse un proceso judicial ante el juez competente, al que se le deben aportar las pruebas pertinentes, y en el que deben intervenir las partes, el defensor del v\u00ednculo y, en algunos casos, el promotor de justicia.<\/p>\n<p class=\"Body\">Se ofrece aqu\u00ed un elenco general de los cap\u00edtulos de nulidad de los matrimonios can\u00f3nicos junto con los c\u00e1nones del C\u00f3digo de Derecho Can\u00f3nico que lo regulan:<\/p>\n<p class=\"Body\"><span class=\"style_3\">Nulidades que nacen de impedimentos\u00a0<\/span><\/p>\n<p class=\"Body\"><span class=\"style_4\">Impedimentos que nacen de circunstancias personales\u00a0<\/span><\/p>\n<p class=\"Body\">* Impedimento de edad (16 a\u00f1os para el var\u00f3n y 14 para la mujer): c. 1083<\/p>\n<p class=\"Body\">* Impedimento de impotencia antecedente y perpetua: c. 1084<\/p>\n<p class=\"Body\"><span class=\"style_4\">Impedimentos que nacen de causas jur\u00eddicas\u00a0<\/span><\/p>\n<p class=\"Body\">* Impedimento de v\u00ednculo o ligamen: c. 1085<\/p>\n<p class=\"Body\">* Impedimento de disparidad de cultos: c. 1086<\/p>\n<p class=\"Body\">* Impedimento de orden sagrado: c. 1087<\/p>\n<p class=\"Body\">* Impedimento de voto p\u00fablico y perpetuo de castidad en un instituto religioso: c. 1088<\/p>\n<p class=\"Body\"><span class=\"style_4\">Impedimentos que nacen de delitos\u00a0<\/span><\/p>\n<p class=\"Body\">* Impedimento de rapto: c. 1089<\/p>\n<p class=\"Body\">* Impedimento de crimen: c. 1090<\/p>\n<p class=\"Body\"><span class=\"style_4\">Impedimentos de parentesco\u00a0<\/span><\/p>\n<p class=\"Body\">* Impedimento de consanguinidad, c. 1091, de afinidad, c. 1092, de p\u00fablica honestidad,\u00a0 c. 1093 y de parentesco legal, c. 1094<\/p>\n<p class=\"Body\"><span class=\"style_3\">Nulidades por vicio de consentimiento\u00a0<\/span><\/p>\n<p class=\"Body\">* Nulidad por carecer de uso de raz\u00f3n: canon 1095, 1\u00ba<\/p>\n<p class=\"Body\">* Nulidad por grave defecto de discreci\u00f3n de juicio: canon 1095, 2\u00ba<\/p>\n<p class=\"Body\">* Nulidad por incapacidad para asumir las obligaciones esenciales del matrimonio por causas de\u00a0 naturaleza ps\u00edquica: canon 1095, 3\u00ba<\/p>\n<p class=\"Body\">* Error acerca de la persona, canon 1097 \u00a7 1, o de una cualidad de la persona directa y principalmente pretendida, canon 1097 \u00a7 2<\/p>\n<p class=\"Body\">* Dolo provocado para obtener el consentimiento: canon 1098.<\/p>\n<p class=\"Body\">* Error determinante acerca de la unidad, de la indisolubilidad o de la dignidad sacramental del matrimonio: canon 1099.<\/p>\n<p class=\"Body\">* Simulaci\u00f3n total del matrimonio o simulaci\u00f3n parcial por exclusi\u00f3n de una propiedad esencial o de un elemento esencial del matrimonio: canon 1101 \u00a7 2<\/p>\n<p class=\"Body\">* Nulidad por atentar matrimonio bajo condici\u00f3n de futuro: canon 1102 \u00a7 1, o bajo condici\u00f3n de\u00a0 pasado o de presente que no se verifica: canon 1102 \u00a7 2.<\/p>\n<p class=\"Body\">* Matrimonio contra\u00eddo por violencia o por miedo grave: canon 1103.<\/p>\n<p class=\"Body\"><span class=\"style_3\">Nulidades por defecto de forma\u00a0<\/span><\/p>\n<p class=\"Body\">* Matrimonio nulo por celebrarse sin la asistencia del ordinario del lugar o p\u00e1rroco, o sin su\u00a0 delegaci\u00f3n: canon 1108.<\/p>\n<ol>\n<li class=\"full-width\">\n<p class=\"paragraph_style_1\"><span class=\"Vi\u00f1eta\">*<\/span>Matrimonio por procurador nulo por vicio del mandato: canon 1105.<\/p>\n<\/li>\n<li class=\"full-width\">\n<p class=\"paragraph_style_1\"><span class=\"Vi\u00f1eta\">*<\/span>Matrimonio nulo por falta de uno o de los dos testigos: canon 1108<\/p>\n<\/li>\n<\/ol>\n","protected":false},"excerpt":{"rendered":"<p>Para que un matrimonio sea v\u00e1lido debe ser realizado en\u00a0forma v\u00e1lida, entre personas\u00a0h\u00e1biles\u00a0y adem\u00e1s que sean\u00a0capaces\u00a0de prestar consentimiento de lo contrario estar\u00edamos ante un caso de\u00a0nulidad\u00a0o\u00a0nulidad matrimonial. Las causas de nulidad son el\u00a0defecto de forma, o celebrado con\u00a0impedimento\u00a0o con\u00a0viciode consentimiento.&hellip;<\/p>\n<p class=\"more-link-p\"><a class=\"more-link\" href=\"https:\/\/tribunaleclesiastico.archimadrid.es\/?page_id=49\">Read more &rarr;<\/a><\/p>\n","protected":false},"author":3,"featured_media":0,"parent":0,"menu_order":0,"comment_status":"closed","ping_status":"closed","template":"","meta":{"jetpack_post_was_ever_published":false},"jetpack_sharing_enabled":true,"jetpack_shortlink":"https:\/\/wp.me\/P5UtAi-N","_links":{"self":[{"href":"https:\/\/tribunaleclesiastico.archimadrid.es\/index.php?rest_route=\/wp\/v2\/pages\/49"}],"collection":[{"href":"https:\/\/tribunaleclesiastico.archimadrid.es\/index.php?rest_route=\/wp\/v2\/pages"}],"about":[{"href":"https:\/\/tribunaleclesiastico.archimadrid.es\/index.php?rest_route=\/wp\/v2\/types\/page"}],"author":[{"embeddable":true,"href":"https:\/\/tribunaleclesiastico.archimadrid.es\/index.php?rest_route=\/wp\/v2\/users\/3"}],"replies":[{"embeddable":true,"href":"https:\/\/tribunaleclesiastico.archimadrid.es\/index.php?rest_route=%2Fwp%2Fv2%2Fcomments&post=49"}],"version-history":[{"count":1,"href":"https:\/\/tribunaleclesiastico.archimadrid.es\/index.php?rest_route=\/wp\/v2\/pages\/49\/revisions"}],"predecessor-version":[{"id":50,"href":"https:\/\/tribunaleclesiastico.archimadrid.es\/index.php?rest_route=\/wp\/v2\/pages\/49\/revisions\/50"}],"wp:attachment":[{"href":"https:\/\/tribunaleclesiastico.archimadrid.es\/index.php?rest_route=%2Fwp%2Fv2%2Fmedia&parent=49"}],"curies":[{"name":"wp","href":"https:\/\/api.w.org\/{rel}","templated":true}]}}