{"id":5,"date":"2014-10-01T15:52:21","date_gmt":"2014-10-01T15:52:21","guid":{"rendered":"http:\/\/tribunaleclesiastico.archimadrid.es\/?page_id=5"},"modified":"2021-03-31T14:06:37","modified_gmt":"2021-03-31T12:06:37","slug":"presentacion","status":"publish","type":"page","link":"https:\/\/tribunaleclesiastico.archimadrid.es\/","title":{"rendered":""},"content":{"rendered":"<p class=\"paragraph_style\" style=\"text-align: center;\"><img decoding=\"async\" loading=\"lazy\" class=\"aligncenter wp-image-112 size-full\" src=\"https:\/\/tribunaleclesiastico.archimadrid.es\/wp-content\/uploads\/2014\/10\/tribunal.png\" alt=\"tribunal\" width=\"1134\" height=\"181\" \/><\/p>\n<h2 style=\"text-align: center;\"><\/h2>\n<p style=\"text-align: center;\"><strong>Mons. Alejandro Arellano, que fue Vicario Judicial Adjunto de nuestro Tribunal, ha sido nombrado Decano de la Rota Romana<\/strong><\/p>\n<p><a href=\"https:\/\/tribunaleclesiastico.archimadrid.es\/wp-content\/uploads\/2021\/03\/Arellano.-Foto-1-Tribunal-2-scaled.jpg\"><img decoding=\"async\" loading=\"lazy\" class=\" wp-image-423 aligncenter\" src=\"https:\/\/tribunaleclesiastico.archimadrid.es\/wp-content\/uploads\/2021\/03\/Arellano.-Foto-1-Tribunal-2-300x200.jpg\" alt=\"\" width=\"500\" height=\"333\" srcset=\"https:\/\/tribunaleclesiastico.archimadrid.es\/wp-content\/uploads\/2021\/03\/Arellano.-Foto-1-Tribunal-2-300x200.jpg 300w, https:\/\/tribunaleclesiastico.archimadrid.es\/wp-content\/uploads\/2021\/03\/Arellano.-Foto-1-Tribunal-2-1024x683.jpg 1024w, https:\/\/tribunaleclesiastico.archimadrid.es\/wp-content\/uploads\/2021\/03\/Arellano.-Foto-1-Tribunal-2-768x512.jpg 768w, https:\/\/tribunaleclesiastico.archimadrid.es\/wp-content\/uploads\/2021\/03\/Arellano.-Foto-1-Tribunal-2-1536x1024.jpg 1536w, https:\/\/tribunaleclesiastico.archimadrid.es\/wp-content\/uploads\/2021\/03\/Arellano.-Foto-1-Tribunal-2-2048x1365.jpg 2048w, https:\/\/tribunaleclesiastico.archimadrid.es\/wp-content\/uploads\/2021\/03\/Arellano.-Foto-1-Tribunal-2-560x373.jpg 560w, https:\/\/tribunaleclesiastico.archimadrid.es\/wp-content\/uploads\/2021\/03\/Arellano.-Foto-1-Tribunal-2-260x173.jpg 260w, https:\/\/tribunaleclesiastico.archimadrid.es\/wp-content\/uploads\/2021\/03\/Arellano.-Foto-1-Tribunal-2-160x107.jpg 160w\" sizes=\"(max-width: 500px) 100vw, 500px\" \/><\/a><\/p>\n<p>El Papa Francisco ha nombrado Decano de la Rota Romana a Mons. Alejandro Arellano Cedillo, que form\u00f3 parte de este Tribunal Eclesi\u00e1stico Metropolitano de Madrid, y en el que inici\u00f3 su experiencia en el \u00e1mbito judicial can\u00f3nico.<\/p>\n<p>Mons. Arellano fue incorporado a nuestro Tribunal en el a\u00f1o 1998, al poco tiempo de concluir sus estudios de doctorado en la Pontificia Universidad Gregoriana, de Roma. Desde el a\u00f1o 1998 hasta el a\u00f1o 2002 fue Juez de exhortos, desempe\u00f1ando una importante labor en la tramitaci\u00f3n del auxilio judicial que solicitaban a nuestro Tribunal desde diversos Tribunales eclesi\u00e1sticos de Espa\u00f1a y del extranjero.<\/p>\n<p>En el a\u00f1o 2002 fue nombrado Vicario Judicial Adjunto y Juez Presidente, y como tal estuvo al frente de la secci\u00f3n segunda de nuestro Tribunal, como responsable de la tramitaci\u00f3n de numerosos procesos judiciales, hasta el a\u00f1o 2005.<\/p>\n<p>Todos los que hemos conocido y compartido su etapa como Juez en nuestro Tribunal lo recordamos por su competencia, su cercan\u00eda personal y su disponibilidad para colaborar y ayudar siempre, buscando el modo de orientar todas las cosas conforme a la verdad y a la justicia, ofreciendo al mismo tiempo el testimonio de la caridad para afrontar con esperanza las situaciones dif\u00edciles.<\/p>\n<p>Desde el a\u00f1o 2010 y hasta la actualidad, Mons. Arellano colabora en la tarea de formaci\u00f3n de los miembros de nuestro Tribunal, impartiendo un Curso organizado por Facultad de Derecho Can\u00f3nico de la Universidad San D\u00e1maso, en colaboraci\u00f3n con la Escuela de Pr\u00e1ctica Jur\u00eddica de este Tribunal. El Curso, destinado a los profesionales de los Tribunales Eclesi\u00e1sticos, en el que se abordan cada a\u00f1o diversas cuestiones actuales de jurisprudencia can\u00f3nica, pone tambi\u00e9n de manifiesto la sensibilidad de Mons. Arellano por la formaci\u00f3n de los que prestan su servicio en los Tribunales de la Iglesia, as\u00ed como su disponibilidad para colaborar con nuestra archidi\u00f3cesis, en cuyo Tribunal dio sus primeros pasos en el fuero judicial can\u00f3nico.<\/p>\n<p>\u00a1Muchas felicidades, Mons. Arellano, por este nuevo servicio que la Iglesia le ha encomendado! Cuente con nuestra oraci\u00f3n, nuestra gratitud y nuestro deseo de que pueda seguir colaborando con nosotros.<\/p>\n<p><a href=\"https:\/\/tribunaleclesiastico.archimadrid.es\/wp-content\/uploads\/2021\/03\/Arellano.-Foto-2-scaled.jpg\"><img decoding=\"async\" loading=\"lazy\" class=\" wp-image-421 aligncenter\" src=\"https:\/\/tribunaleclesiastico.archimadrid.es\/wp-content\/uploads\/2021\/03\/Arellano.-Foto-2-300x205.jpg\" alt=\"\" width=\"500\" height=\"342\" srcset=\"https:\/\/tribunaleclesiastico.archimadrid.es\/wp-content\/uploads\/2021\/03\/Arellano.-Foto-2-300x205.jpg 300w, https:\/\/tribunaleclesiastico.archimadrid.es\/wp-content\/uploads\/2021\/03\/Arellano.-Foto-2-1024x700.jpg 1024w, https:\/\/tribunaleclesiastico.archimadrid.es\/wp-content\/uploads\/2021\/03\/Arellano.-Foto-2-768x525.jpg 768w, https:\/\/tribunaleclesiastico.archimadrid.es\/wp-content\/uploads\/2021\/03\/Arellano.-Foto-2-1536x1050.jpg 1536w, https:\/\/tribunaleclesiastico.archimadrid.es\/wp-content\/uploads\/2021\/03\/Arellano.-Foto-2-2048x1400.jpg 2048w, https:\/\/tribunaleclesiastico.archimadrid.es\/wp-content\/uploads\/2021\/03\/Arellano.-Foto-2-560x383.jpg 560w, https:\/\/tribunaleclesiastico.archimadrid.es\/wp-content\/uploads\/2021\/03\/Arellano.-Foto-2-260x178.jpg 260w, https:\/\/tribunaleclesiastico.archimadrid.es\/wp-content\/uploads\/2021\/03\/Arellano.-Foto-2-160x109.jpg 160w\" sizes=\"(max-width: 500px) 100vw, 500px\" \/><\/a><\/p>\n<p style=\"text-align: center;\">&#8211; &#8211; &#8211;<\/p>\n<p style=\"text-align: center;\"><strong>TRIBUNAL ECLESI\u00c1STICO METROPOLITANO DE MADRID<\/strong><\/p>\n<p class=\"paragraph_style\">El Tribunal Eclesi\u00e1stico Metropolitano es Tribunal de primera instancia para la Archidi\u00f3cesis de Madrid. Es tambi\u00e9n el tribunal ordinario de apelaci\u00f3n\u00a0para las Di\u00f3cesis sufrag\u00e1neas de Getafe y Alcal\u00e1 de Henares desde el 16 de julio de 1999, fecha en la que se constituy\u00f3 como Tribunal Metropolitano\u00a0de Segunda Instancia. Las sentencias del Tribunal pueden ser apeladas conforme a derecho en el Tribunal de la Rota de la Nunciatura o en el Tribunal de la Rota Romana.<\/p>\n<p>Al servicio del Tribunal est\u00e1n las siguientes personas:<\/p>\n<p>Un Vicario Judicial y un Vicario Judicial adjunto, adem\u00e1s de jueces presidentes que forman las cuatro salas, asistidos por cuatro notarios.<\/p>\n<p>Tenemos 15 jueces que ejercen las funciones de instructores y ponentes en los procesos, con diferentes tiempos de dedicaci\u00f3n al Tribunal. A cada uno de los instructores le asiste un actuario.<\/p>\n<p>Al Secretario General y Notario Mayor le asiste un notario adjunto, un encargado del registro y un encargado de archivo.<\/p>\n<p>Para la asistencia letrada gratuita hay cuatro Patronos Estables que asesoran a las personas antes de introducir la causa y durante el desarrollo de la misma.<\/p>\n<p>Adem\u00e1s el Tribunal ofrece un elenco de Procuradores y Letrados que asisten en las causas cobrando honorarios conforme a las normas vigentes. Para la defensa del V\u00ednculo hay cuatro Defensores del V\u00ednculo que tambi\u00e9n ejercen como Promotores de Justicia.<\/p>\n","protected":false},"excerpt":{"rendered":"<p>Mons. Alejandro Arellano, que fue Vicario Judicial Adjunto de nuestro Tribunal, ha sido nombrado Decano de la Rota Romana El Papa Francisco ha nombrado Decano de la Rota Romana a Mons. Alejandro Arellano Cedillo, que form\u00f3 parte de este Tribunal&hellip;<\/p>\n<p class=\"more-link-p\"><a class=\"more-link\" href=\"https:\/\/tribunaleclesiastico.archimadrid.es\/\">Read more &rarr;<\/a><\/p>\n","protected":false},"author":3,"featured_media":0,"parent":0,"menu_order":0,"comment_status":"closed","ping_status":"closed","template":"","meta":{"jetpack_post_was_ever_published":false},"jetpack_sharing_enabled":true,"jetpack_shortlink":"https:\/\/wp.me\/P5UtAi-5","_links":{"self":[{"href":"https:\/\/tribunaleclesiastico.archimadrid.es\/index.php?rest_route=\/wp\/v2\/pages\/5"}],"collection":[{"href":"https:\/\/tribunaleclesiastico.archimadrid.es\/index.php?rest_route=\/wp\/v2\/pages"}],"about":[{"href":"https:\/\/tribunaleclesiastico.archimadrid.es\/index.php?rest_route=\/wp\/v2\/types\/page"}],"author":[{"embeddable":true,"href":"https:\/\/tribunaleclesiastico.archimadrid.es\/index.php?rest_route=\/wp\/v2\/users\/3"}],"replies":[{"embeddable":true,"href":"https:\/\/tribunaleclesiastico.archimadrid.es\/index.php?rest_route=%2Fwp%2Fv2%2Fcomments&post=5"}],"version-history":[{"count":21,"href":"https:\/\/tribunaleclesiastico.archimadrid.es\/index.php?rest_route=\/wp\/v2\/pages\/5\/revisions"}],"predecessor-version":[{"id":429,"href":"https:\/\/tribunaleclesiastico.archimadrid.es\/index.php?rest_route=\/wp\/v2\/pages\/5\/revisions\/429"}],"wp:attachment":[{"href":"https:\/\/tribunaleclesiastico.archimadrid.es\/index.php?rest_route=%2Fwp%2Fv2%2Fmedia&parent=5"}],"curies":[{"name":"wp","href":"https:\/\/api.w.org\/{rel}","templated":true}]}}