{"id":58,"date":"2014-10-01T16:41:43","date_gmt":"2014-10-01T16:41:43","guid":{"rendered":"http:\/\/tribunaleclesiastico.archimadrid.es\/?page_id=58"},"modified":"2022-11-22T12:34:58","modified_gmt":"2022-11-22T11:34:58","slug":"contacta","status":"publish","type":"page","link":"https:\/\/tribunaleclesiastico.archimadrid.es\/?page_id=58","title":{"rendered":"Cont\u00e1ctenos"},"content":{"rendered":"<p>Puede ponerse en contacto con nosotros acudiendo personalmente a las oficinas (Plaza de la Almudena, s\/n) de lunes a viernes (excepto festivos) de 9,30 a 13,30.<\/p>\n<p>Tambi\u00e9n llamando directamente por tel\u00e9fono al 916003679.<\/p>\n<p>O enviando un correo electr\u00f3nico a la direcci\u00f3n <a title=\"mailto:tribunaleclesiastico@archidiocesis.madrid\" href=\"mailto:tribunaleclesiastico@archidiocesis.madrid\">tribunaleclesiastico@archidiocesis.madrid<\/a><\/p>\n","protected":false},"excerpt":{"rendered":"<p>Puede ponerse en contacto con nosotros acudiendo personalmente a las oficinas (Plaza de la Almudena, s\/n) de lunes a viernes (excepto festivos) de 9,30 a 13,30. Tambi\u00e9n llamando directamente por tel\u00e9fono al 916003679. O enviando un correo electr\u00f3nico a la&hellip;<\/p>\n<p class=\"more-link-p\"><a class=\"more-link\" href=\"https:\/\/tribunaleclesiastico.archimadrid.es\/?page_id=58\">Read more &rarr;<\/a><\/p>\n","protected":false},"author":3,"featured_media":0,"parent":0,"menu_order":0,"comment_status":"closed","ping_status":"closed","template":"","meta":{"jetpack_post_was_ever_published":false},"jetpack_sharing_enabled":true,"jetpack_shortlink":"https:\/\/wp.me\/P5UtAi-W","_links":{"self":[{"href":"https:\/\/tribunaleclesiastico.archimadrid.es\/index.php?rest_route=\/wp\/v2\/pages\/58"}],"collection":[{"href":"https:\/\/tribunaleclesiastico.archimadrid.es\/index.php?rest_route=\/wp\/v2\/pages"}],"about":[{"href":"https:\/\/tribunaleclesiastico.archimadrid.es\/index.php?rest_route=\/wp\/v2\/types\/page"}],"author":[{"embeddable":true,"href":"https:\/\/tribunaleclesiastico.archimadrid.es\/index.php?rest_route=\/wp\/v2\/users\/3"}],"replies":[{"embeddable":true,"href":"https:\/\/tribunaleclesiastico.archimadrid.es\/index.php?rest_route=%2Fwp%2Fv2%2Fcomments&post=58"}],"version-history":[{"count":11,"href":"https:\/\/tribunaleclesiastico.archimadrid.es\/index.php?rest_route=\/wp\/v2\/pages\/58\/revisions"}],"predecessor-version":[{"id":443,"href":"https:\/\/tribunaleclesiastico.archimadrid.es\/index.php?rest_route=\/wp\/v2\/pages\/58\/revisions\/443"}],"wp:attachment":[{"href":"https:\/\/tribunaleclesiastico.archimadrid.es\/index.php?rest_route=%2Fwp%2Fv2%2Fmedia&parent=58"}],"curies":[{"name":"wp","href":"https:\/\/api.w.org\/{rel}","templated":true}]}}